{"id":533,"date":"2021-10-20T07:13:38","date_gmt":"2021-10-20T05:13:38","guid":{"rendered":"https:\/\/tour.neustaedter-gestuete.de\/impressum\/"},"modified":"2021-12-13T11:59:06","modified_gmt":"2021-12-13T10:59:06","slug":"impressum","status":"publish","type":"page","link":"https:\/\/tour.neustaedter-gestuete.de\/pl\/impressum\/","title":{"rendered":"Informacje o firmie"},"content":{"rendered":"<p>Brandenburgia G\u0142\u00f3wna i Powiatowa Stadnina Koni Neustadt (Dosse)<\/p>\n<p>Fundacja prawa publicznego<\/p>\n<p>Hauptgest\u00fct 10<br \/>\n16845 Neustadt (Dosse)<br \/>\nTel: +49-33970-5029-0<br \/>\nFax: +49-33970-5029-622<\/p>\n<p>E-Mail: <a href=\"mailto:info@neustaedter-gestuete.brandenburg.de\">info@neustaedter-gestuete.brandenburg.de<\/a><\/p>\n<p>Internet: <a href=\"https:\/\/www.neustaedter-gestuete.de\">https:\/\/www.neustaedter-gestuete.de<\/a><\/p>\n<p>Fundacja &#8222;Stadnina Koni Brandenburgia w Neustadt (Dosse)&#8221; jest fundacj\u0105 prawa publicznego. Osoba upowa\u017cniona do reprezentowania stadniny: Dipl. \u00d6k. Regine Ebert (dyrektor zarz\u0105dzaj\u0105cy).<\/p>\n<p>Odpowiedzialny nadz\u00f3r prawny: Ministerstwo Infrastruktury i Rolnictwa Kraju Zwi\u0105zkowego Brandenburgia, Neustadt (Dosse), Brandenburgia, ustawa z dnia 30.07.2001 GVBl I, S. 106.<\/p>\n<p>Henning-von-Tresckow-Stra\u00dfe 2 &#8211; 13, Haus S<br \/>\nD &#8211; 14467 Potsdam<br \/>\nTelefon: +49 (0)331866-0<br \/>\nFax: +49 (0)331866-7070<\/p>\n<p>VAT-Id. Zgodnie z \u00a7 27 ustawy o podatku VAT ID: DE221409415<\/p>\n<p>Odpowiedzialny za tre\u015b\u0107 zgodnie z \u00a7 10 ust. 3 MDStV: Dipl. \u00d6k. Regine Ebert (adres jak wy\u017cej).<\/p>\n<p>Klauzula odpowiedzialno\u015bci: Wyrokiem z 12 maja 1998 r. s\u0105d okr\u0119gowy w Hamburgu postanowi\u0142, \u017ce oferent strony internetowej jest odpowiedzialny za tre\u015bci innych stron internetowych, do kt\u00f3rych prowadz\u0105 linki. Zgodnie z prawem krajowym mo\u017cna temu zapobiec tylko wtedy, gdy w\u0142a\u015bciciel strony internetowej wyra\u017anie zdystansuje si\u0119 od tych tre\u015bci.<\/p>\n<p>Na tej stronie zamie\u015bcili\u015bmy linki do innych stron w Internecie. Dla wszystkich tych link\u00f3w obowi\u0105zuje nast\u0119puj\u0105ca zasada: Chcieliby\u015bmy wyra\u017anie zaznaczy\u0107, \u017ce nie mamy \u017cadnego wp\u0142ywu na kszta\u0142t i zawarto\u015b\u0107 stron, do kt\u00f3rych prowadz\u0105 linki. Dlatego niniejszym dystansujemy si\u0119 wyra\u017anie od wszelkich tre\u015bci wszystkich stron, do kt\u00f3rych prowadz\u0105 linki na tej stronie internetowej i nie ponosimy odpowiedzialno\u015bci za ich zawarto\u015b\u0107. Dotyczy to wszystkich stron internetowych, do kt\u00f3rych prowadz\u0105 linki na tej stronie oraz wszystkich tre\u015bci wszystkich stron internetowych, do kt\u00f3rych te linki lub banery mog\u0105 prowadzi\u0107.<\/p>\n<p>Projekt, koncepcja, realizacja techniczna:<br \/>\n<a href=\"https:\/\/www.oneworx.de\/\">ONEWORX<\/a><\/p>\n","protected":false},"excerpt":{"rendered":"<p>Brandenburgia G\u0142\u00f3wna i Powiatowa Stadnina Koni Neustadt (Dosse) Fundacja prawa publicznego Hauptgest\u00fct 10 16845 Neustadt (Dosse) Tel: +49-33970-5029-0 Fax: +49-33970-5029-622 E-Mail: info@neustaedter-gestuete.brandenburg.de Internet: https:\/\/www.neustaedter-gestuete.de Fundacja [&#8230;]<\/p>\n","protected":false},"author":1,"featured_media":0,"parent":0,"menu_order":0,"comment_status":"closed","ping_status":"closed","template":"","meta":[],"acf":[],"_links":{"self":[{"href":"https:\/\/tour.neustaedter-gestuete.de\/pl\/wp-json\/wp\/v2\/pages\/533"}],"collection":[{"href":"https:\/\/tour.neustaedter-gestuete.de\/pl\/wp-json\/wp\/v2\/pages"}],"about":[{"href":"https:\/\/tour.neustaedter-gestuete.de\/pl\/wp-json\/wp\/v2\/types\/page"}],"author":[{"embeddable":true,"href":"https:\/\/tour.neustaedter-gestuete.de\/pl\/wp-json\/wp\/v2\/users\/1"}],"replies":[{"embeddable":true,"href":"https:\/\/tour.neustaedter-gestuete.de\/pl\/wp-json\/wp\/v2\/comments?post=533"}],"version-history":[{"count":3,"href":"https:\/\/tour.neustaedter-gestuete.de\/pl\/wp-json\/wp\/v2\/pages\/533\/revisions"}],"predecessor-version":[{"id":536,"href":"https:\/\/tour.neustaedter-gestuete.de\/pl\/wp-json\/wp\/v2\/pages\/533\/revisions\/536"}],"wp:attachment":[{"href":"https:\/\/tour.neustaedter-gestuete.de\/pl\/wp-json\/wp\/v2\/media?parent=533"}],"curies":[{"name":"wp","href":"https:\/\/api.w.org\/{rel}","templated":true}]}}