{"id":542,"date":"2021-10-18T11:38:37","date_gmt":"2021-10-18T11:38:37","guid":{"rendered":"https:\/\/tour.neustaedter-gestuete.de\/datenschutz\/"},"modified":"2021-12-13T12:08:34","modified_gmt":"2021-12-13T11:08:34","slug":"datenschutz","status":"publish","type":"page","link":"https:\/\/tour.neustaedter-gestuete.de\/pl\/datenschutz\/","title":{"rendered":"Privacy policy"},"content":{"rendered":"<h2>1. Przegl\u0105d ochrony danych<\/h2>\n<p>Og\u00f3lne<\/p>\n<p>Poni\u017cej przedstawiamy prosty przegl\u0105d tego, co dzieje si\u0119 z Pa\u0144stwa danymi osobowymi, gdy odwiedzaj\u0105 Pa\u0144stwo nasz\u0105 stron\u0119 internetow\u0105. Dane osobowe to wszelkie dane, na podstawie kt\u00f3rych mo\u017cna Pa\u0144stwa zidentyfikowa\u0107. Szczeg\u00f3\u0142owe informacje na temat ochrony danych osobowych mo\u017cna znale\u017a\u0107 w naszej polityce prywatno\u015bci, kt\u00f3ra znajduje si\u0119 poni\u017cej.<\/p>\n<p>Gromadzenie danych na naszej stronie internetowej<\/p>\n<p>Kto jest odpowiedzialny za gromadzenie danych na tej stronie internetowej?<\/p>\n<p>Dane zbierane na tej stronie internetowej s\u0105 przetwarzane przez operatora strony. Dane kontaktowe operatora mo\u017cna znale\u017a\u0107 w wymaganej informacji prawnej na stronie internetowej.<\/p>\n<p>W jaki spos\u00f3b gromadzimy Pa\u0144stwa dane?<\/p>\n<p>Niekt\u00f3re dane s\u0105 gromadzone w momencie, gdy je nam przekazujesz. Mog\u0105 to by\u0107 np. dane wpisane przez Pa\u0144stwa w formularzu kontaktowym.<\/p>\n<p>Inne dane s\u0105 zbierane automatycznie przez nasze systemy informatyczne, gdy odwiedzaj\u0105 Pa\u0144stwo stron\u0119 internetow\u0105. S\u0105 to przede wszystkim dane techniczne, takie jak u\u017cywana przez Pa\u0144stwa przegl\u0105darka i system operacyjny lub kiedy weszli Pa\u0144stwo na stron\u0119. Dane te zbierane s\u0105 automatycznie w momencie wej\u015bcia na nasz\u0105 stron\u0119 internetow\u0105.<\/p>\n<p>Do czego wykorzystujemy Pa\u0144stwa dane?<\/p>\n<p>Cz\u0119\u015b\u0107 danych jest zbierana w celu zapewnienia prawid\u0142owego funkcjonowania strony internetowej. Inne dane mog\u0105 by\u0107 wykorzystane do analizy sposobu korzystania z witryny przez odwiedzaj\u0105cych.<\/p>\n<p>Jakie prawa przys\u0142uguj\u0105 Pa\u0144stwu w zwi\u0105zku z Pa\u0144stwa danymi?<\/p>\n<p>Zawsze masz prawo do bezp\u0142atnego za\u017c\u0105dania informacji o przechowywanych danych, ich pochodzeniu, odbiorcach i celu ich gromadzenia. Maj\u0105 Pa\u0144stwo r\u00f3wnie\u017c prawo za\u017c\u0105da\u0107 ich korekty, zablokowania lub usuni\u0119cia. W razie dalszych pyta\u0144 dotycz\u0105cych ochrony danych i prywatno\u015bci mo\u017cna w ka\u017cdej chwili skontaktowa\u0107 si\u0119 z nami, korzystaj\u0105c z adresu podanego w informacji prawnej. Oczywi\u015bcie mog\u0105 Pa\u0144stwo r\u00f3wnie\u017c z\u0142o\u017cy\u0107 skarg\u0119 do w\u0142a\u015bciwych organ\u00f3w regulacyjnych.<\/p>\n<p>Analityka i narz\u0119dzia stron trzecich<\/p>\n<p>Podczas odwiedzin na naszej stronie internetowej mog\u0105 by\u0107 przeprowadzane analizy statystyczne dotycz\u0105ce Pa\u0144stwa zachowa\u0144 podczas surfowania. Odbywa si\u0119 to g\u0142\u00f3wnie za pomoc\u0105 plik\u00f3w cookie i analiz. Analiza Pa\u0144stwa zachowa\u0144 jest z regu\u0142y anonimowa, tzn. nie jeste\u015bmy w stanie zidentyfikowa\u0107 Pa\u0144stwa na podstawie tych danych. Mog\u0105 Pa\u0144stwo sprzeciwi\u0107 si\u0119 tej analizie lub jej zapobiec, rezygnuj\u0105c z okre\u015blonych narz\u0119dzi. Szczeg\u00f3\u0142owe informacje znajduj\u0105 si\u0119 w poni\u017cszej polityce prywatno\u015bci.<\/p>\n<p>Mo\u017cesz sprzeciwi\u0107 si\u0119 tej analizie. O tym, jak skorzysta\u0107 z opcji w tym zakresie, poinformujemy Pa\u0144stwa poni\u017cej.<\/p>\n<h2>2. Informacje og\u00f3lne i informacje obowi\u0105zkowe<\/h2>\n<p>Ochrona danych<\/p>\n<p>Operatorzy tej strony internetowej bardzo powa\u017cnie traktuj\u0105 ochron\u0119 Pa\u0144stwa danych osobowych. Pa\u0144stwa dane osobowe traktujemy jako poufne i zgodnie z ustawowymi przepisami o ochronie danych oraz z niniejsz\u0105 polityk\u0105 prywatno\u015bci.<\/p>\n<p>Podczas korzystania z tej strony internetowej pobierane s\u0105 r\u00f3\u017cne dane osobowe. Dane osobowe to wszelkie dane, na podstawie kt\u00f3rych mo\u017cna Pa\u0144stwa zidentyfikowa\u0107. Niniejsza polityka prywatno\u015bci wyja\u015bnia, jakie informacje gromadzimy i do czego je wykorzystujemy. Wyja\u015bnia r\u00f3wnie\u017c, w jaki spos\u00f3b i w jakim celu si\u0119 to odbywa.<\/p>\n<p>Nale\u017cy pami\u0119ta\u0107, \u017ce dane przekazywane przez Internet (np. za po\u015brednictwem poczty elektronicznej) mog\u0105 by\u0107 nara\u017cone na naruszenia bezpiecze\u0144stwa. Pe\u0142na ochrona Pa\u0144stwa danych przed dost\u0119pem os\u00f3b trzecich nie jest mo\u017cliwa.<\/p>\n<p>Wskaz\u00f3wka dotycz\u0105ca podmiotu odpowiedzialnego za niniejsz\u0105 stron\u0119 internetow\u0105<\/p>\n<p>Podmiotem odpowiedzialnym za przetwarzanie danych na tej stronie internetowej jest:<\/p>\n<p>Brandenburski Zarz\u0105d G\u0142\u00f3wny i Stadnina Powiatowa Neustadt (Dosse)<br \/>\nFundacja prawa publicznego<br \/>\nHauptgest\u00fct 10<br \/>\nD-16845 Neustadt (Dosse)<\/p>\n<p>Tel.: +49-33970-5029-0<br \/>\nE-Mail: info@neustaedter-gestuete.brandenburg.de<\/p>\n<p>Podmiotem odpowiedzialnym jest osoba fizyczna lub prawna, kt\u00f3ra samodzielnie lub wsp\u00f3lnie z innymi decyduje o celach i \u015brodkach przetwarzania danych osobowych (nazwiska, adresy e-mail itp.).<\/p>\n<p>Odwo\u0142anie zgody na przetwarzanie danych osobowych<\/p>\n<p>Wiele operacji przetwarzania danych jest mo\u017cliwych tylko za Pa\u0144stwa wyra\u017an\u0105 zgod\u0105. W ka\u017cdej chwili mog\u0105 Pa\u0144stwo odwo\u0142a\u0107 swoj\u0105 zgod\u0119 ze skutkiem na przysz\u0142o\u015b\u0107. Wystarczy nieformalna wiadomo\u015b\u0107 e-mail z takim \u017c\u0105daniem. Dane przetwarzane przed otrzymaniem przez nas Pa\u0144stwa pro\u015bby mog\u0105 by\u0107 nadal legalnie przetwarzane.<\/p>\n<p>Prawo do sk\u0142adania skarg do organ\u00f3w regulacyjnych<\/p>\n<p>Je\u015bli dosz\u0142o do naruszenia przepis\u00f3w o ochronie danych, osoba, kt\u00f3rej to dotyczy, mo\u017ce z\u0142o\u017cy\u0107 skarg\u0119 do w\u0142a\u015bciwych organ\u00f3w regulacyjnych. W\u0142a\u015bciwym organem regulacyjnym w sprawach zwi\u0105zanych z przepisami o ochronie danych jest inspektor ochrony danych w kraju zwi\u0105zkowym Niemiec, w kt\u00f3rym znajduje si\u0119 siedziba naszej firmy. List\u0119 inspektor\u00f3w ochrony danych i ich dane kontaktowe mo\u017cna znale\u017a\u0107 pod nast\u0119puj\u0105cym linkiem: https:\/\/www.bfdi.bund.de\/DE\/Infothek\/Anschriften_Links\/anschriften_links-node.html .<\/p>\n<p>Prawo do przenoszenia danych<\/p>\n<p>Maj\u0105 Pa\u0144stwo prawo do tego, aby dane, kt\u00f3re przetwarzamy na podstawie Pa\u0144stwa zgody lub w ramach realizacji umowy, zosta\u0142y automatycznie dostarczone do Pa\u0144stwa lub do osoby trzeciej w standardowym formacie nadaj\u0105cym si\u0119 do odczytu maszynowego. Je\u017celi za\u017c\u0105daj\u0105 Pa\u0144stwo bezpo\u015bredniego przekazania danych innej odpowiedzialnej stronie, nast\u0105pi to tylko w takim zakresie, w jakim jest to technicznie mo\u017cliwe.<\/p>\n<p>Szyfrowanie SSL lub TLS<\/p>\n<p>Ta strona wykorzystuje szyfrowanie SSL lub TLS ze wzgl\u0119d\u00f3w bezpiecze\u0144stwa oraz w celu ochrony transmisji poufnych tre\u015bci, takich jak zapytania, kt\u00f3re przesy\u0142asz do nas jako operatora strony. Po\u0142\u0105czenie szyfrowane mo\u017cna rozpozna\u0107 w wierszu adresu przegl\u0105darki, gdy zmienia si\u0119 on z &#8222;http:\/\/&#8221; na &#8222;https:\/\/&#8221;, a w pasku adresu przegl\u0105darki wy\u015bwietlana jest ikona k\u0142\u00f3dki.<\/p>\n<p>Je\u015bli szyfrowanie SSL lub TLS jest aktywne, dane, kt\u00f3re nam Pa\u0144stwo przekazuj\u0105, nie mog\u0105 by\u0107 odczytane przez osoby trzecie.<\/p>\n<p>Informowanie, blokowanie, usuwanie<\/p>\n<p>Zgodnie z przepisami prawa maj\u0105 Pa\u0144stwo prawo do uzyskania w ka\u017cdej chwili bezp\u0142atnej informacji na temat zapisanych Pa\u0144stwa danych osobowych, ich pochodzenia, odbiorcy oraz celu przetwarzania. Maj\u0105 Pa\u0144stwo r\u00f3wnie\u017c prawo do sprostowania, zablokowania lub usuni\u0119cia tych danych. W przypadku dalszych pyta\u0144 na temat danych osobowych mog\u0105 Pa\u0144stwo w ka\u017cdej chwili skontaktowa\u0107 si\u0119 z nami, korzystaj\u0105c z adresu podanego w naszej informacji prawnej.<\/p>\n<p>Sprzeciw wobec e-maili promocyjnych<\/p>\n<p>Niniejszym wyra\u017anie zabraniamy wykorzystywania danych kontaktowych opublikowanych w ramach wymog\u00f3w dotycz\u0105cych informacji prawnej o stronie internetowej do przesy\u0142ania materia\u0142\u00f3w promocyjnych i informacyjnych, kt\u00f3re nie zosta\u0142y wyra\u017anie zam\u00f3wione. Operator strony internetowej zastrzega sobie prawo do podj\u0119cia okre\u015blonych krok\u00f3w prawnych w przypadku otrzymania niezam\u00f3wionych materia\u0142\u00f3w reklamowych, takich jak spam e-mailowy.<\/p>\n<h2>3. Inspektor ochrony danych<\/h2>\n<p>Ustawowy inspektor ochrony danych<\/p>\n<p>Dla naszej firmy wyznaczyli\u015bmy inspektora ochrony danych.<\/p>\n<p>Stadnina Koni Brandenburgia G\u0142\u00f3wna i Powiatowa Neustadt (Dosse)<br \/>\nFundacja prawa publicznego<br \/>\nHauptgest\u00fct 10<br \/>\nD-16845 Neustadt (Dosse)<\/p>\n<p>Tel: +49-33970-5029-0<br \/>\nE-Mail: info@neustaedter-gestuete.brandenburg.de<\/p>\n<h2>4. Gromadzenie danych na naszej stronie internetowej<\/h2>\n<p>Cookies<\/p>\n<p>Niekt\u00f3re z naszych stron internetowych wykorzystuj\u0105 pliki cookie. Cookies nie s\u0105 szkodliwe dla Pa\u0144stwa komputera i nie zawieraj\u0105 wirus\u00f3w. Cookies pomagaj\u0105 uczyni\u0107 nasz\u0105 stron\u0119 internetow\u0105 bardziej przyjazn\u0105 dla u\u017cytkownika, wydajniejsz\u0105 i bezpieczniejsz\u0105. Cookies to ma\u0142e pliki tekstowe, kt\u00f3re s\u0105 zapisywane na Pa\u0144stwa komputerze i przechowywane przez Pa\u0144stwa przegl\u0105dark\u0119.<\/p>\n<p>Wi\u0119kszo\u015b\u0107 u\u017cywanych przez nas ciasteczek to tak zwane &#8222;ciasteczka sesyjne&#8221;. S\u0105 one automatycznie usuwane po Pa\u0144stwa wizycie. Inne pliki cookie pozostaj\u0105 w pami\u0119ci urz\u0105dzenia do momentu ich usuni\u0119cia przez u\u017cytkownika. Te pliki cookie umo\u017cliwiaj\u0105 rozpoznanie Twojej przegl\u0105darki przy nast\u0119pnej wizycie na stronie.<\/p>\n<p>U\u017cytkownik mo\u017ce skonfigurowa\u0107 swoj\u0105 przegl\u0105dark\u0119 tak, aby informowa\u0142a go o u\u017cywaniu plik\u00f3w cookie, dzi\u0119ki czemu b\u0119dzie m\u00f3g\u0142 w ka\u017cdym przypadku zdecydowa\u0107, czy zaakceptowa\u0107 czy odrzuci\u0107 plik cookie. Alternatywnie, przegl\u0105darka mo\u017ce by\u0107 skonfigurowana tak, aby automatycznie akceptowa\u0142a pliki cookie pod pewnymi warunkami lub zawsze je odrzuca\u0142a, lub aby automatycznie usuwa\u0142a pliki cookie po zamkni\u0119ciu przegl\u0105darki. Wy\u0142\u0105czenie plik\u00f3w cookie mo\u017ce ograniczy\u0107 funkcjonalno\u015b\u0107 niniejszej strony internetowej.<\/p>\n<p>Pliki cookie, kt\u00f3re s\u0105 niezb\u0119dne do umo\u017cliwienia komunikacji elektronicznej lub udost\u0119pnienia okre\u015blonych funkcji, z kt\u00f3rych chc\u0105 Pa\u0144stwo korzysta\u0107 (np. koszyka na zakupy), s\u0105 zapisywane zgodnie z art. 6 ust. 1 lit. f DS. 6 ust. 1 lit. f DSGVO. Operator strony internetowej ma uzasadniony interes w zapisywaniu plik\u00f3w cookie, aby zapewni\u0107 zoptymalizowan\u0105 i woln\u0105 od b\u0142\u0119d\u00f3w technicznych obs\u0142ug\u0119. Je\u017celi zapisywane s\u0105 r\u00f3wnie\u017c inne pliki cookie (np. s\u0142u\u017c\u0105ce do analizy zachowa\u0144 u\u017cytkownika podczas surfowania), to w niniejszej polityce prywatno\u015bci zostan\u0105 one potraktowane oddzielnie.<\/p>\n<p>Pliki dziennika serwera<\/p>\n<p>Dostawca strony internetowej automatycznie gromadzi i przechowuje informacje, kt\u00f3re Pa\u0144stwa przegl\u0105darka automatycznie przekazuje nam w &#8222;plikach dziennika serwera&#8221;. S\u0105 to:<\/p>\n<p>Typ przegl\u0105darki i wersja przegl\u0105darki<br \/>\nU\u017cywany system operacyjny<br \/>\nURL odsy\u0142aj\u0105cy<br \/>\nNazwa hosta komputera dost\u0119powego<br \/>\nCzas \u017c\u0105dania serwera<br \/>\nAdres IP<\/p>\n<p>Dane te nie b\u0119d\u0105 \u0142\u0105czone z danymi pochodz\u0105cymi z innych \u017ar\u00f3de\u0142.<\/p>\n<p>Podstaw\u0105 do przetwarzania danych jest Art. 6 (1) (f) DSGVO, kt\u00f3ry zezwala na przetwarzanie danych w celu realizacji umowy lub w celu podj\u0119cia dzia\u0142a\u0144 wst\u0119pnych do umowy.<\/p>\n<p>Formularz kontaktowy<\/p>\n<p>Je\u015bli prze\u015bl\u0105 nam Pa\u0144stwo pytania za po\u015brednictwem formularza kontaktowego, b\u0119dziemy gromadzi\u0107 dane wpisane w formularzu, w tym podane przez Pa\u0144stwa dane kontaktowe, aby odpowiedzie\u0107 na Pa\u0144stwa pytanie i ewentualne pytania uzupe\u0142niaj\u0105ce. Nie udost\u0119pniamy tych informacji bez Pa\u0144stwa zgody.<\/p>\n<p>W zwi\u0105zku z tym dane wprowadzone do formularza kontaktowego przetwarzamy wy\u0142\u0105cznie za Pa\u0144stwa zgod\u0105, zgodnie z art. 6 ust. 1 lit. a) DS. 6 (1)(a) DSGVO. W ka\u017cdej chwili mog\u0105 Pa\u0144stwo cofn\u0105\u0107 swoj\u0105 zgod\u0119. Wystarczy nieformalna wiadomo\u015b\u0107 e-mail z takim \u017c\u0105daniem. Dane przetwarzane przed otrzymaniem przez nas Pa\u0144stwa pro\u015bby mog\u0105 by\u0107 nadal legalnie przetwarzane.<\/p>\n<p>B\u0119dziemy przechowywa\u0107 dane podane w formularzu kontaktowym do momentu, gdy za\u017c\u0105daj\u0105 Pa\u0144stwo ich usuni\u0119cia, cofn\u0105 zgod\u0119 na ich przechowywanie lub ustanie cel ich przechowywania (np. po spe\u0142nieniu Pa\u0144stwa pro\u015bby). Niniejsze postanowienie nie narusza bezwzgl\u0119dnie obowi\u0105zuj\u0105cych przepis\u00f3w ustawowych, w szczeg\u00f3lno\u015bci tych dotycz\u0105cych obowi\u0105zkowego okresu przechowywania danych.<\/p>\n<p>Przetwarzanie danych (dane klient\u00f3w i umowy)<\/p>\n<p>Gromadzimy, przetwarzamy i wykorzystujemy dane osobowe tylko w takim zakresie, w jakim jest to konieczne do nawi\u0105zania lub zmiany stosunk\u00f3w prawnych z nami (dane g\u0142\u00f3wne). Odbywa si\u0119 to na podstawie Art. 6 (1) (b) DSGVO, kt\u00f3ry zezwala na przetwarzanie danych w celu realizacji umowy lub w celu podj\u0119cia dzia\u0142a\u0144 wst\u0119pnych do umowy. Gromadzimy, przetwarzamy i wykorzystujemy Pa\u0144stwa dane osobowe podczas dost\u0119pu do naszej strony internetowej (dane u\u017cytkowe) tylko w zakresie niezb\u0119dnym do umo\u017cliwienia Pa\u0144stwu dost\u0119pu do naszych us\u0142ug lub do wystawienia Pa\u0144stwu rachunku za te us\u0142ugi.<\/p>\n<p>Zgromadzone dane klient\u00f3w s\u0105 usuwane po zako\u0144czeniu zlecenia lub zako\u0144czeniu stosunk\u00f3w handlowych. Ustawowe okresy przechowywania danych pozostaj\u0105 nienaruszone.<\/p>\n<p>Dane przekazywane podczas rejestrowania si\u0119 w celu korzystania z us\u0142ug i tre\u015bci cyfrowych<\/p>\n<p>Przekazujemy dane osobowe osobom trzecim tylko w takim zakresie, w jakim jest to konieczne do spe\u0142nienia warunk\u00f3w umowy z nami, na przyk\u0142ad bankom, kt\u00f3rym powierzono przetwarzanie p\u0142atno\u015bci.<\/p>\n<p>Pa\u0144stwa dane nie b\u0119d\u0105 przekazywane w \u017cadnym innym celu, chyba \u017ce udziel\u0105 Pa\u0144stwo na to wyra\u017anej zgody. Pa\u0144stwa dane nie b\u0119d\u0105 udost\u0119pniane osobom trzecim w celach reklamowych bez Pa\u0144stwa wyra\u017anej zgody.<\/p>\n<p>Podstaw\u0105 do przetwarzania danych jest Art. 6 (1) (b) DSGVO, kt\u00f3ry zezwala na przetwarzanie danych w celu realizacji umowy lub w celu podj\u0119cia dzia\u0142a\u0144 wst\u0119pnych do umowy.<\/p>\n<h2>5. Analityka i reklama<\/h2>\n<p>Matomo (dawniej Piwik)<\/p>\n<p>Niniejsza strona internetowa korzysta z otwartego serwisu analitycznego Matomo. Matomo u\u017cywa tak zwanych &#8222;cookies&#8221;. S\u0105 to pliki tekstowe, kt\u00f3re s\u0105 przechowywane na Pa\u0144stwa komputerze i kt\u00f3re umo\u017cliwiaj\u0105 analiz\u0119 korzystania z witryny przez Pa\u0144stwa. W tym celu informacje generowane przez cookie na temat korzystania z tej strony internetowej s\u0105 przechowywane na naszym serwerze. Adres IP jest anonimizowany zanim zostanie zapisany.<\/p>\n<p>Pliki cookie Matomo pozostaj\u0105 na Pa\u0144stwa urz\u0105dzeniu do czasu ich usuni\u0119cia.<\/p>\n<p>Przechowywanie plik\u00f3w cookie Matomo odbywa si\u0119 na podstawie Art. 6 (1) (f) DSGVO. Operator strony internetowej ma uzasadniony interes w analizowaniu zachowa\u0144 u\u017cytkownik\u00f3w w celu optymalizacji zar\u00f3wno swojej strony internetowej, jak i reklam.<\/p>\n<p>Informacje generowane przez pliki cookie na temat korzystania z tej strony internetowej nie b\u0119d\u0105 udost\u0119pniane osobom trzecim. Mog\u0105 Pa\u0144stwo zapobiec zapisywaniu tych plik\u00f3w cookie, wybieraj\u0105c odpowiednie ustawienia w swojej przegl\u0105darce. Zwracamy jednak uwag\u0119, \u017ce mo\u017ce to oznacza\u0107, i\u017c nie b\u0119d\u0105 Pa\u0144stwo mogli korzysta\u0107 z pe\u0142nej funkcjonalno\u015bci tej strony internetowej.<\/p>\n<p>Je\u015bli nie zgadzasz si\u0119 na zapisywanie i wykorzystywanie Twoich danych, mo\u017cesz wy\u0142\u0105czy\u0107 t\u0119 funkcj\u0119 tutaj. W tym przypadku, plik cookie opt-out zostanie zapisany w Twojej przegl\u0105darce, aby uniemo\u017cliwi\u0107 Matomo przechowywanie Twoich danych u\u017cytkowych. Je\u015bli usuniesz swoje pliki cookie, b\u0119dzie to oznacza\u0107, \u017ce plik cookie opt-out r\u00f3wnie\u017c zostanie usuni\u0119ty. Je\u015bli chcesz, aby Twoja aktywno\u015b\u0107 nie by\u0142a \u015bledzona, b\u0119dziesz musia\u0142 ponownie aktywowa\u0107 go po powrocie na nasz\u0105 stron\u0119.<\/p>\n<h2>6. Wtyczki i narz\u0119dzia<\/h2>\n<p>YouTube<\/p>\n<p>Nasza strona internetowa korzysta z wtyczek z YouTube, kt\u00f3ry jest obs\u0142ugiwany przez Google. Operatorem tych stron jest YouTube LLC, 901 Cherry Ave., San Bruno, CA 94066, USA.<\/p>\n<p>Je\u015bli odwiedzaj\u0105 Pa\u0144stwo jedn\u0105 z naszych stron z wtyczk\u0105 YouTube, nawi\u0105zywane jest po\u0142\u0105czenie z serwerami YouTube. Tutaj serwer YouTube jest informowany o tym, kt\u00f3re z naszych stron Pa\u0144stwo odwiedzili.<\/p>\n<p>Je\u015bli s\u0105 Pa\u0144stwo zalogowani na swoim koncie YouTube, YouTube umo\u017cliwia bezpo\u015brednie przyporz\u0105dkowanie Pa\u0144stwa zachowa\u0144 podczas przegl\u0105dania do Pa\u0144stwa osobistego profilu. Mo\u017cna temu zapobiec, wylogowuj\u0105c si\u0119 z konta YouTube.<\/p>\n<p>YouTube jest wykorzystywany w celu zwi\u0119kszenia atrakcyjno\u015bci naszej strony internetowej. Stanowi to uzasadniony interes zgodnie z art. 6 (1) (f) DSGVO.<\/p>\n<p>Dalsze informacje na temat post\u0119powania z danymi u\u017cytkownika mo\u017cna znale\u017a\u0107 w o\u015bwiadczeniu o ochronie danych YouTube pod adresem https:\/\/www.google.de\/intl\/de\/policies\/privacy .<\/p>\n<p>Czcionki Google Web Fonts<\/p>\n<p>W celu jednolitego przedstawienia czcionek, ta strona korzysta z czcionek internetowych udost\u0119pnianych przez Google. Po otwarciu strony przegl\u0105darka \u0142aduje wymagane czcionki internetowe do pami\u0119ci podr\u0119cznej przegl\u0105darki, aby prawid\u0142owo wy\u015bwietli\u0107 teksty i czcionki.<\/p>\n<p>W tym celu przegl\u0105darka musi nawi\u0105za\u0107 bezpo\u015brednie po\u0142\u0105czenie z serwerami Google. W ten spos\u00f3b Google dowiaduje si\u0119, \u017ce nasza strona internetowa zosta\u0142a odwiedzona przez Pa\u0144stwa adres IP. U\u017cycie czcionek internetowych Google ma na celu zapewnienie jednolitej i atrakcyjnej prezentacji naszej strony internetowej. Stanowi to uzasadniony interes zgodnie z art. 6 (1) (f) DSGVO.<\/p>\n<p>Je\u015bli Pa\u0144stwa przegl\u0105darka nie obs\u0142uguje czcionek internetowych, komputer u\u017cywa czcionki standardowej.<\/p>\n<p>Dalsze informacje na temat przetwarzania danych u\u017cytkownika mo\u017cna znale\u017a\u0107 pod adresem https:\/\/developers.google.com\/fonts\/faq oraz w polityce prywatno\u015bci Google pod adresem https:\/\/www.google.com\/policies\/privacy\/ .<\/p>\n<p>&nbsp;<\/p>\n","protected":false},"excerpt":{"rendered":"<p>1. Przegl\u0105d ochrony danych Og\u00f3lne Poni\u017cej przedstawiamy prosty przegl\u0105d tego, co dzieje si\u0119 z Pa\u0144stwa danymi osobowymi, gdy odwiedzaj\u0105 Pa\u0144stwo nasz\u0105 stron\u0119 internetow\u0105. Dane osobowe [&#8230;]<\/p>\n","protected":false},"author":1,"featured_media":0,"parent":0,"menu_order":0,"comment_status":"closed","ping_status":"open","template":"","meta":[],"acf":[],"_links":{"self":[{"href":"https:\/\/tour.neustaedter-gestuete.de\/pl\/wp-json\/wp\/v2\/pages\/542"}],"collection":[{"href":"https:\/\/tour.neustaedter-gestuete.de\/pl\/wp-json\/wp\/v2\/pages"}],"about":[{"href":"https:\/\/tour.neustaedter-gestuete.de\/pl\/wp-json\/wp\/v2\/types\/page"}],"author":[{"embeddable":true,"href":"https:\/\/tour.neustaedter-gestuete.de\/pl\/wp-json\/wp\/v2\/users\/1"}],"replies":[{"embeddable":true,"href":"https:\/\/tour.neustaedter-gestuete.de\/pl\/wp-json\/wp\/v2\/comments?post=542"}],"version-history":[{"count":2,"href":"https:\/\/tour.neustaedter-gestuete.de\/pl\/wp-json\/wp\/v2\/pages\/542\/revisions"}],"predecessor-version":[{"id":543,"href":"https:\/\/tour.neustaedter-gestuete.de\/pl\/wp-json\/wp\/v2\/pages\/542\/revisions\/543"}],"wp:attachment":[{"href":"https:\/\/tour.neustaedter-gestuete.de\/pl\/wp-json\/wp\/v2\/media?parent=542"}],"curies":[{"name":"wp","href":"https:\/\/api.w.org\/{rel}","templated":true}]}}