{"id":896,"date":"2021-10-20T07:14:16","date_gmt":"2021-10-20T05:14:16","guid":{"rendered":"https:\/\/tour.neustaedter-gestuete.de\/ueber-die-tour\/"},"modified":"2022-01-03T11:55:45","modified_gmt":"2022-01-03T10:55:45","slug":"ueber-die-tour","status":"publish","type":"page","link":"https:\/\/tour.neustaedter-gestuete.de\/pl\/ueber-die-tour\/","title":{"rendered":"O trasie"},"content":{"rendered":"<p>1. Zeskanowa\u0107 kody QR rozsiane po ca\u0142ym terenie stadniny lub wybra\u0107 stacj\u0119 na mapie.<\/p>\n<p>Wskaz\u00f3wka: Wi\u0119kszo\u015b\u0107 smartfon\u00f3w automatycznie skanuje kody QR za pomoc\u0105 funkcji fotografowania. Alternatywnie mo\u017cna pobra\u0107 skaner kod\u00f3w QR z App Store lub Google Play Store.<\/p>\n<p>2. Mapa daje Ci przegl\u0105d ca\u0142ej trasy. Pod\u0105\u017caj za ponumerowanymi stacjami i dowiedz si\u0119 wszystkiego o historii i tera\u017aniejszo\u015bci Brandenburskiej Stadniny Koni. Mo\u017cna oczywi\u015bcie odwiedzi\u0107 stacje w innej kolejno\u015bci.<\/p>\n<p>3. Na ka\u017cdej stacji jest wiele do odkrycia. Mo\u017cna te\u017c w komfortowych warunkach czyta\u0107 teksty informacyjne podczas zwiedzania.<\/p>\n","protected":false},"excerpt":{"rendered":"<p>1. Zeskanowa\u0107 kody QR rozsiane po ca\u0142ym terenie stadniny lub wybra\u0107 stacj\u0119 na mapie. Wskaz\u00f3wka: Wi\u0119kszo\u015b\u0107 smartfon\u00f3w automatycznie skanuje kody QR za pomoc\u0105 funkcji fotografowania. [&#8230;]<\/p>\n","protected":false},"author":2,"featured_media":0,"parent":0,"menu_order":0,"comment_status":"closed","ping_status":"closed","template":"","meta":[],"acf":[],"_links":{"self":[{"href":"https:\/\/tour.neustaedter-gestuete.de\/pl\/wp-json\/wp\/v2\/pages\/896"}],"collection":[{"href":"https:\/\/tour.neustaedter-gestuete.de\/pl\/wp-json\/wp\/v2\/pages"}],"about":[{"href":"https:\/\/tour.neustaedter-gestuete.de\/pl\/wp-json\/wp\/v2\/types\/page"}],"author":[{"embeddable":true,"href":"https:\/\/tour.neustaedter-gestuete.de\/pl\/wp-json\/wp\/v2\/users\/2"}],"replies":[{"embeddable":true,"href":"https:\/\/tour.neustaedter-gestuete.de\/pl\/wp-json\/wp\/v2\/comments?post=896"}],"version-history":[{"count":1,"href":"https:\/\/tour.neustaedter-gestuete.de\/pl\/wp-json\/wp\/v2\/pages\/896\/revisions"}],"predecessor-version":[{"id":897,"href":"https:\/\/tour.neustaedter-gestuete.de\/pl\/wp-json\/wp\/v2\/pages\/896\/revisions\/897"}],"wp:attachment":[{"href":"https:\/\/tour.neustaedter-gestuete.de\/pl\/wp-json\/wp\/v2\/media?parent=896"}],"curies":[{"name":"wp","href":"https:\/\/api.w.org\/{rel}","templated":true}]}}